{"id":9,"date":"2015-07-16T15:51:12","date_gmt":"2015-07-16T13:51:12","guid":{"rendered":"http:\/\/artisansdumonde-saintnazaire.org\/?page_id=9"},"modified":"2019-10-04T15:52:18","modified_gmt":"2019-10-04T13:52:18","slug":"mentions-legales","status":"publish","type":"page","link":"https:\/\/artisansdumonde-saintnazaire.org\/?page_id=9","title":{"rendered":"Mentions l\u00e9gales"},"content":{"rendered":"<div class=\"entry post clearfix\">\n<div style=\"text-align: justify;\">\n<p><strong><span style=\"color: #800000;\">En application de la loi n\u00b02004-575 du 21 juin 2004 relative \u00e0 la confiance dans l\u2019\u00e9conomie num\u00e9rique, vous trouverez ci-dessous les informations l\u00e9gales concernant ce site :<\/span> <\/strong><\/p>\n<div>\n<div><span style=\"color: #800000;\"><strong>Mission<\/strong><\/span><\/div>\n<p>Promouvoir le Commerce \u00c9quitable dans la r\u00e9gion de Saint-Nazaire. Agissez vous aussi pour plus d\u2019\u00e9quit\u00e9 dans les \u00e9changes Nord-Sud et pour le respect des Droits de l\u2019Homme !<\/p>\n<div>\n<div><span style=\"color: #800000;\"><strong>Description de l\u2019association<\/strong><\/span><\/div>\n<p>Artisans du monde Saint-Nazaire est une association cr\u00e9\u00e9e en d\u00e9cembre 2003 sous le n\u00b0 0443011450, n\u00b0 de SIREN 478499635.<\/p>\n<p>L&rsquo;association g\u00e8re une boutique et participe \u00e0 des ventes ext\u00e9rieures en proposant des produits alimentaires et de l&rsquo;artisanat issus exclusivement du Commerce \u00c9quitable de divers pays et des produits locaux issus du commerce solidaire.<\/p>\n<p>Elle m\u00e8ne des actions de sensibilisation et d&rsquo;\u00e9ducation au commerce \u00e9quitable.<\/p>\n<p>Elle agit en relayant des campagnes de plaidoyer initi\u00e9e par la F\u00e9d\u00e9ration Artisans du Monde, pour un changement des r\u00e8gles qui r\u00e9gissent le commerce mondial.<\/p>\n<\/div>\n<\/div>\n<p><span style=\"color: #800000;\"><strong>Protection des donn\u00e9es personnelles<\/strong><\/span><br \/>\nConform\u00e9ment \u00e0 la loi Informatique et Libert\u00e9s du 6 janvier 1978 (art. 34), vous disposez d\u2019un droit d\u2019acc\u00e8s, de rectification ou de suppression concernant les donn\u00e9es personnelles que nous pourrions \u00eatre amen\u00e9s \u00e0 recueillir (donn\u00e9es renseign\u00e9es par vous). <strong><br \/>\n<\/strong><\/p>\n<p>Le fichier\u00a0 des informations recueillies sur ce site a \u00e9t\u00e9 d\u00e9clar\u00e9 \u00e0 la CNIL et enregistr\u00e9 sous la r\u00e9f\u00e9rence des dossiers n\u00b0\u00a0<strong>1793599 <\/strong>et<strong> 1793641<\/strong>.<\/p>\n<p><span style=\"color: #800000;\"><strong>Droits d\u2019auteur <\/strong><\/span><br \/>\n<a href=\"http:\/\/www.ec44.fr\/tice\/wp-content\/uploads\/2013\/09\/CC.jpg\"><img loading=\"lazy\" decoding=\"async\" class=\"alignright size-medium wp-image-199\" src=\"http:\/\/www.ec44.fr\/tice\/wp-content\/uploads\/2013\/09\/CC-300x104.jpg\" alt=\"CC\" width=\"87\" height=\"30\" \/><\/a>Tous les articles et documents de ce site sont sous licence Cr\u00e9ative Commons.<\/p>\n<p>Malgr\u00e9 tous les soins apport\u00e9s \u00e0 la r\u00e9alisation de ce site et \u00e0 son actualisation r\u00e9guli\u00e8re, des erreurs peuvent s\u2019\u00eatre gliss\u00e9es dans les informations et\/ou documents pr\u00e9sent\u00e9s. Si vous en constatez n\u2019h\u00e9sitez pas \u00e0 nous le faire savoir en nous contactant, nous proc\u00e9derons aux rectifications correspondantes.<\/p>\n<p><span style=\"color: #800000;\"><strong>Liens hypertextes<\/strong><\/span><br \/>\nCe site contient des liens hypertextes permettant l\u2019acc\u00e8s \u00e0 des sites qui ne sont pas \u00e9dit\u00e9s par le responsable de ce site.<br \/>\nEn cons\u00e9quence le directeur de publication ne saurait \u00eatre tenu pour responsable du contenu des sites auxquels l\u2019internaute aurait ainsi acc\u00e8s.<\/p>\n<p><span style=\"color: #800000;\"><strong>\u00c9diteur responsable<\/strong><\/span><br \/>\nLe pr\u00e9sent site est la propri\u00e9t\u00e9 de l&rsquo;Association Artisans du Monde Saint-Nazaire Oc\u00e9an.<br \/>\nLe directeur de la publication est le Conseil d&rsquo;administration de l&rsquo;association Artisans du Monde Saint-Nazaire Oc\u00e9an.<br \/>\nLe webmaster est M. Fr\u00e9d\u00e9ric Geiler (membre adh\u00e9rent de l&rsquo;association Artisans du Monde Saint-Nazaire Oc\u00e9an).<\/p>\n<p><span style=\"color: #800000;\"><strong>R\u00e9alisation, h\u00e9bergement du site<\/strong><\/span><br \/>\nLe site est r\u00e9alis\u00e9 par<br \/>\nles adh\u00e9rents d&rsquo;Artisans du Monde Saint-Nazaire Oc\u00e9an.<br \/>\nIl est h\u00e9berg\u00e9 par la soci\u00e9t\u00e9 OVH.<\/p>\n<p><strong><span style=\"color: #800000;\">Gestion \u00e9ditoriale<\/span><br \/>\n<\/strong>La gestion \u00e9ditoriale du site est assur\u00e9e par :<br \/>\nArtisans du Monde Saint-Nazaire Oc\u00e9an<\/p>\n<p><span style=\"color: #800000;\"><strong>Coordonn\u00e9es<\/strong><\/span><br \/>\n32, avenue de la R\u00e9publique<br \/>\n44600 Saint-Nazaire<br \/>\nT\u00e9l\u00a0: 02 40 66 95 34<br \/>\ncourriel : <strong>saint-nazaire@artisansdumonde.org<br \/>\n<\/strong>Site web :<strong> https:\/\/artisansdumonde-saintnazaire.org\/<br \/>\n<\/strong>Page Facebook : <strong>https:\/\/www.facebook.com\/adm.stnazaire<br \/>\n<\/strong><\/p>\n<p>SIREN 478 499 635<br \/>\nSIRET 478 499 635 00033<br \/>\nAPE 9499Z\u00a0 &#8211; Autres organisations fonctionnant par adh\u00e9sion volontaire<br \/>\nCat\u00e9gorie juridique 9220 &#8211; Association d\u00e9clar\u00e9e<br \/>\nN\u00b0 TVA intracommunautaire FR88478499635<\/p>\n<p><span style=\"color: #800000;\"><strong>Cr\u00e9dits photos<\/strong><\/span><strong><br \/>\n<\/strong>banni\u00e8re du site : F\u00e9d\u00e9ration Artisans du Monde<br \/>\npage d&rsquo;accueil :<br \/>\nF\u00e9d\u00e9ration Artisans du Monde et Artisans du Monde St-Nazaire<\/p>\n<\/div>\n<\/div>\n","protected":false},"excerpt":{"rendered":"<p>En application de la loi n\u00b02004-575 du 21 juin 2004 relative \u00e0 la confiance dans l\u2019\u00e9conomie num\u00e9rique, vous trouverez ci-dessous les informations l\u00e9gales concernant ce site : Mission Promouvoir le Commerce \u00c9quitable dans la r\u00e9gion de Saint-Nazaire. Agissez vous aussi pour plus d\u2019\u00e9quit\u00e9 dans les \u00e9changes Nord-Sud et pour le respect des Droits de l\u2019Homme &hellip; <a href=\"https:\/\/artisansdumonde-saintnazaire.org\/?page_id=9\" class=\"more-link\">Continuer la lecture de <span class=\"screen-reader-text\">Mentions l\u00e9gales<\/span>  <span class=\"meta-nav\">&rarr;<\/span><\/a><\/p>\n","protected":false},"author":2,"featured_media":0,"parent":0,"menu_order":0,"comment_status":"closed","ping_status":"closed","template":"","meta":{"_crdt_document":"","_mo_disable_npp":"","footnotes":""},"class_list":["post-9","page","type-page","status-publish","hentry"],"_links":{"self":[{"href":"https:\/\/artisansdumonde-saintnazaire.org\/index.php?rest_route=\/wp\/v2\/pages\/9","targetHints":{"allow":["GET"]}}],"collection":[{"href":"https:\/\/artisansdumonde-saintnazaire.org\/index.php?rest_route=\/wp\/v2\/pages"}],"about":[{"href":"https:\/\/artisansdumonde-saintnazaire.org\/index.php?rest_route=\/wp\/v2\/types\/page"}],"author":[{"embeddable":true,"href":"https:\/\/artisansdumonde-saintnazaire.org\/index.php?rest_route=\/wp\/v2\/users\/2"}],"replies":[{"embeddable":true,"href":"https:\/\/artisansdumonde-saintnazaire.org\/index.php?rest_route=%2Fwp%2Fv2%2Fcomments&post=9"}],"version-history":[{"count":0,"href":"https:\/\/artisansdumonde-saintnazaire.org\/index.php?rest_route=\/wp\/v2\/pages\/9\/revisions"}],"wp:attachment":[{"href":"https:\/\/artisansdumonde-saintnazaire.org\/index.php?rest_route=%2Fwp%2Fv2%2Fmedia&parent=9"}],"curies":[{"name":"wp","href":"https:\/\/api.w.org\/{rel}","templated":true}]}}