{"id":28,"date":"2015-07-17T15:12:22","date_gmt":"2015-07-17T13:12:22","guid":{"rendered":"http:\/\/artisansdumonde-saintnazaire.org\/?page_id=28"},"modified":"2021-06-06T09:50:42","modified_gmt":"2021-06-06T07:50:42","slug":"nous-contacter","status":"publish","type":"page","link":"https:\/\/artisansdumonde-saintnazaire.org\/?page_id=28","title":{"rendered":"Nous contacter"},"content":{"rendered":"<p><strong><span style=\"color: #800000;\">Plan de situation de notre boutique<\/span><\/strong><\/p>\n<p>Artisans du Monde, 32 avenue de la R\u00e9publique &#8211; Saint-Nazaire<\/p>\n<p><iframe loading=\"lazy\" style=\"border: 0;\" src=\"https:\/\/www.google.com\/maps\/embed?pb=!1m18!1m12!1m3!1d3828.198660453871!2d-2.2125472016812617!3d47.27632511828575!2m3!1f0!2f0!3f0!3m2!1i1024!2i768!4f13.1!3m3!1m2!1s0x4805658c1ce47acb%3A0xcff591bc2f98f76a!2s32+Avenue+de+la+R%C3%A9publique%2C+44600+Saint-Nazaire!5e0!3m2!1sfr!2sfr!4v1542982994824\" width=\"600\" height=\"450\" frameborder=\"0\" allowfullscreen=\"allowfullscreen\"><\/iframe><br \/>\n<a href=\"https:\/\/maps.google.com\/maps?ll=47.27669,-2.212781&amp;z=16&amp;t=m&amp;hl=fr&amp;gl=FR&amp;mapclient=embed&amp;q=32%20Avenue%20de%20la%20R%C3%A9publique%2044600%20Saint-Nazaire\" target=\"_blank\" rel=\"noopener noreferrer\">Agrandir le plan<\/a><\/p>\n<p>Notre magasin est ouvert du <strong>mardi au samedi<\/strong><br \/>\n<strong>de 10h \u00e0 12h30 et de 15h \u00e0 19h<\/strong>.<\/p>\n<p>Pour nous contacter :<br \/>\n<span style=\"color: #800000;\"><strong>T\u00e9l.<\/strong><\/span> 02 40 66 95 34<br \/>\n<strong><strong><span style=\"color: #800000;\">Courriel :<\/span><\/strong> <a href=\"mailto:saint-nazaire@artisansdumonde.org\"><strong>saint-nazaire@artisansdumonde.org<\/strong><\/a><\/strong><\/p>\n<p>Retrouvez-nous sur <a href=\"https:\/\/www.facebook.com\/adm.stnazaire?ref=stream\" target=\"_blank\" rel=\"noopener noreferrer\">Facebook<\/a><\/p>\n","protected":false},"excerpt":{"rendered":"<p>Plan de situation de notre boutique Artisans du Monde, 32 avenue de la R\u00e9publique &#8211; Saint-Nazaire Agrandir le plan Notre magasin est ouvert du mardi au samedi de 10h \u00e0 12h30 et de 15h \u00e0 19h. Pour nous contacter : T\u00e9l. 02 40 66 95 34 Courriel : saint-nazaire@artisansdumonde.org Retrouvez-nous sur Facebook<\/p>\n","protected":false},"author":2,"featured_media":0,"parent":0,"menu_order":0,"comment_status":"closed","ping_status":"closed","template":"","meta":{"_crdt_document":"","_mo_disable_npp":"","footnotes":""},"class_list":["post-28","page","type-page","status-publish","hentry"],"_links":{"self":[{"href":"https:\/\/artisansdumonde-saintnazaire.org\/index.php?rest_route=\/wp\/v2\/pages\/28","targetHints":{"allow":["GET"]}}],"collection":[{"href":"https:\/\/artisansdumonde-saintnazaire.org\/index.php?rest_route=\/wp\/v2\/pages"}],"about":[{"href":"https:\/\/artisansdumonde-saintnazaire.org\/index.php?rest_route=\/wp\/v2\/types\/page"}],"author":[{"embeddable":true,"href":"https:\/\/artisansdumonde-saintnazaire.org\/index.php?rest_route=\/wp\/v2\/users\/2"}],"replies":[{"embeddable":true,"href":"https:\/\/artisansdumonde-saintnazaire.org\/index.php?rest_route=%2Fwp%2Fv2%2Fcomments&post=28"}],"version-history":[{"count":0,"href":"https:\/\/artisansdumonde-saintnazaire.org\/index.php?rest_route=\/wp\/v2\/pages\/28\/revisions"}],"wp:attachment":[{"href":"https:\/\/artisansdumonde-saintnazaire.org\/index.php?rest_route=%2Fwp%2Fv2%2Fmedia&parent=28"}],"curies":[{"name":"wp","href":"https:\/\/api.w.org\/{rel}","templated":true}]}}